{"id":48,"date":"2020-01-21T16:58:54","date_gmt":"2020-01-21T16:58:54","guid":{"rendered":"https:\/\/www.agroserint.com\/247\/index.php\/product\/import-placeholder-for-1120\/"},"modified":"2020-02-07T19:36:00","modified_gmt":"2020-02-08T00:36:00","slug":"aminex_72_sl","status":"publish","type":"product","link":"https:\/\/www.agroserint.com\/247\/index.php\/product\/aminex_72_sl\/","title":{"rendered":"AMINEX\u00ae 72 SL"},"content":{"rendered":"<p><strong>AMINEX<sup>\u00ae<\/sup> 72 SL<\/strong>, es un herbicida hormonal post emergente selectivo, para el control de malezas de hojas anchas en los cultivos de ma\u00edz, arroz, ca\u00f1a de az\u00facar y potreros. Su efecto generalmente comienza a evidenciarse a los 3-4 d\u00edas despu\u00e9s de la aplicaci\u00f3n.<br \/>\nPara que el producto desarrolle su \u00f3ptima actividad herbicida, las malezas deber\u00e1n encontrarse en un per\u00edodo de crecimiento activo. En malezas le\u00f1osas, el mejor momento de la aplicaci\u00f3n es el principio de la floraci\u00f3n.<br \/>\nContra malezas rastreras, aplicar antes o durante la floraci\u00f3n. Plantas expuestas al sol, responden mejor a la acci\u00f3n del producto.<\/p>\n","protected":false},"excerpt":{"rendered":"<p><strong>Ingrediente Activo:<\/strong> 2,4D<br \/>\n<strong>Categor\u00eda Toxicol\u00f3gica:<\/strong>\u00a0 II MODERADAMENTE PELIGROSO<\/p>\n<p><strong>Registros:<\/strong> Panam\u00e1: 1688, Costa Rica: 5092, Nicaragua: IICA-33F-2018, El Salvador: AG. 2017121202, Rep\u00fablica Dominicana: 1852<\/p>\n","protected":false},"featured_media":0,"template":"","meta":[],"_links":{"self":[{"href":"https:\/\/www.agroserint.com\/247\/index.php\/wp-json\/wp\/v2\/product\/48"}],"collection":[{"href":"https:\/\/www.agroserint.com\/247\/index.php\/wp-json\/wp\/v2\/product"}],"about":[{"href":"https:\/\/www.agroserint.com\/247\/index.php\/wp-json\/wp\/v2\/types\/product"}],"wp:attachment":[{"href":"https:\/\/www.agroserint.com\/247\/index.php\/wp-json\/wp\/v2\/media?parent=48"}],"curies":[{"name":"wp","href":"https:\/\/api.w.org\/{rel}","templated":true}]}}