{"id":49,"date":"2020-01-21T16:58:54","date_gmt":"2020-01-21T16:58:54","guid":{"rendered":"https:\/\/www.agroserint.com\/247\/index.php\/product\/import-placeholder-for-1267\/"},"modified":"2020-02-07T19:11:15","modified_gmt":"2020-02-08T00:11:15","slug":"ametrol_50_sc","status":"publish","type":"product","link":"https:\/\/www.agroserint.com\/247\/index.php\/product\/ametrol_50_sc\/","title":{"rendered":"AMETROL\u00ae 50 SC"},"content":{"rendered":"<p><strong>AMETROL<sup>\u00ae<\/sup> 50 SC, <\/strong>es un herbicida de acci\u00f3n graminicida principalmente de uso pre y post-emergente en el cultivo de la ca\u00f1a de az\u00facar. Combate una amplia gama de malezas, tanto de hojas anchas como gram\u00edneas, manteniendo los cultivos limpios.<br \/>\n<strong>AMETROL<sup>\u00ae<\/sup> 50 SC, <\/strong>debe ser aplicado con suficiente humedad en el suelo y su uso puede ser igualmente pre y post-emergente, seg\u00fan la necesidad o tipo de cultivo.<\/p>\n","protected":false},"excerpt":{"rendered":"<p><strong>Ingrediente Activo:<\/strong>\u00a0 AMETRINA<br \/>\n<strong>Categor\u00eda Toxicol\u00f3gica:<\/strong> II MODERADAMENTE PELIGROSA<\/p>\n<p><strong>Registros: <\/strong>Panam\u00e1: 1526, Costa Rica: 5111, El Salvador: AG.2003-12-686, Nicaragua: IICA-35B-2019, Rep\u00fablica Dominicana: 1901<\/p>\n<p>&nbsp;<\/p>\n","protected":false},"featured_media":0,"template":"","meta":[],"_links":{"self":[{"href":"https:\/\/www.agroserint.com\/247\/index.php\/wp-json\/wp\/v2\/product\/49"}],"collection":[{"href":"https:\/\/www.agroserint.com\/247\/index.php\/wp-json\/wp\/v2\/product"}],"about":[{"href":"https:\/\/www.agroserint.com\/247\/index.php\/wp-json\/wp\/v2\/types\/product"}],"wp:attachment":[{"href":"https:\/\/www.agroserint.com\/247\/index.php\/wp-json\/wp\/v2\/media?parent=49"}],"curies":[{"name":"wp","href":"https:\/\/api.w.org\/{rel}","templated":true}]}}