{"id":58,"date":"2020-01-21T16:58:55","date_gmt":"2020-01-21T16:58:55","guid":{"rendered":"https:\/\/www.agroserint.com\/247\/index.php\/product\/import-placeholder-for-1404\/"},"modified":"2020-02-07T20:40:33","modified_gmt":"2020-02-08T01:40:33","slug":"designee_40_sc","status":"publish","type":"product","link":"https:\/\/www.agroserint.com\/247\/index.php\/product\/designee_40_sc\/","title":{"rendered":"DESIGNEE\u00ae 40 SC"},"content":{"rendered":"<p><strong>DESIGNEE<sup>\u00ae<\/sup> 40 SC, <\/strong>es un herbicida, sist\u00e9mico postemergente para el control de malezas gram\u00edneas, cyper\u00e1ceas y de hoja ancha, recomendado especialmente para el cultivo de arroz de riego y secano.<\/p>\n","protected":false},"excerpt":{"rendered":"<p><strong>Ingrediente Activo:<\/strong> BISPYRIBAC<br \/>\n<strong>Caregor\u00eda Toxicol\u00f3gica:<\/strong> III LIGERAMENTE PELIGROSO<\/p>\n<p><strong>Registros:<\/strong> : 0389<\/p>\n","protected":false},"featured_media":0,"template":"","meta":[],"_links":{"self":[{"href":"https:\/\/www.agroserint.com\/247\/index.php\/wp-json\/wp\/v2\/product\/58"}],"collection":[{"href":"https:\/\/www.agroserint.com\/247\/index.php\/wp-json\/wp\/v2\/product"}],"about":[{"href":"https:\/\/www.agroserint.com\/247\/index.php\/wp-json\/wp\/v2\/types\/product"}],"wp:attachment":[{"href":"https:\/\/www.agroserint.com\/247\/index.php\/wp-json\/wp\/v2\/media?parent=58"}],"curies":[{"name":"wp","href":"https:\/\/api.w.org\/{rel}","templated":true}]}}